{"id":283,"date":"2022-09-26T16:12:42","date_gmt":"2022-09-26T14:12:42","guid":{"rendered":"https:\/\/sofitel-lisbon-liberdade-restaurant.ms.decms.eu\/the-restaurant\/"},"modified":"2022-09-28T17:54:59","modified_gmt":"2022-09-28T15:54:59","slug":"o-restaurante","status":"publish","type":"page","link":"https:\/\/matizlisboa.com\/pt-pt\/o-restaurante\/","title":{"rendered":"O restaurante"},"content":{"rendered":"<p>Portugal tem uma rica hist\u00f3ria culin\u00e1ria\/gastron\u00f3mica, desde o tradicional bacalhau \u00e0s sofisticadas sopas de marisco e ao ic\u00f3nico porco preto. No Matiz homenageamos a gastronomia tradicional de Portugal, recriando pratos cl\u00e1ssicos com ingredientes de excel\u00eancia e com um toque contempor\u00e2neo.<\/p>\n<p>Um dos exemplos, \u00e9 o nosso prato de assinatura: sobre uma grelha, uma fatia de beringela confitada e uma costeleta de borrego sumarenta, acompanhados por uma redu\u00e7\u00e3o de lavanda e ervas frescas. A apresenta\u00e7\u00e3o inesperada, os aromas e a carne que se derrete na boca criam uma refei\u00e7\u00e3o verdadeiramente inesquec\u00edvel. Outro original prato principal \u00e9 o tradicional bacalhau com alheira de Mirandela, dois favoritos nacionais que o nosso chef eleva com t\u00e9cnicas gastron\u00f3micas modernas.<\/p>\n","protected":false},"excerpt":{"rendered":"<p>Portugal tem uma rica hist\u00f3ria culin\u00e1ria\/gastron\u00f3mica, desde o tradicional bacalhau \u00e0s sofisticadas sopas de marisco e ao ic\u00f3nico porco preto. No Matiz homenageamos a gastronomia tradicional de Portugal, recriando pratos cl\u00e1ssicos com ingredientes de excel\u00eancia e com um toque contempor\u00e2neo. Um dos exemplos, \u00e9 o nosso prato de assinatura: sobre uma grelha, uma fatia de [&hellip;]<\/p>\n","protected":false},"author":8,"featured_media":0,"parent":0,"menu_order":0,"comment_status":"closed","ping_status":"closed","template":"template-default-2.php","meta":{"footnotes":""},"class_list":["post-283","page","type-page","status-publish","hentry"],"yoast_head":"<!-- This site is optimized with the Yoast SEO plugin v26.9 - https:\/\/yoast.com\/product\/yoast-seo-wordpress\/ -->\n<title>O restaurante - Sofitel Lisbon Liberdade Restaurant<\/title>\n<meta name=\"robots\" content=\"index, follow, max-snippet:-1, max-image-preview:large, max-video-preview:-1\" \/>\n<link rel=\"canonical\" href=\"https:\/\/matizlisboa.com\/pt-pt\/o-restaurante\/\" \/>\n<meta property=\"og:locale\" content=\"pt_PT\" \/>\n<meta property=\"og:type\" content=\"article\" \/>\n<meta property=\"og:title\" content=\"O restaurante - Sofitel Lisbon Liberdade Restaurant\" \/>\n<meta property=\"og:description\" content=\"Portugal tem uma rica hist\u00f3ria culin\u00e1ria\/gastron\u00f3mica, desde o tradicional bacalhau \u00e0s sofisticadas sopas de marisco e ao ic\u00f3nico porco preto. No Matiz homenageamos a gastronomia tradicional de Portugal, recriando pratos cl\u00e1ssicos com ingredientes de excel\u00eancia e com um toque contempor\u00e2neo. Um dos exemplos, \u00e9 o nosso prato de assinatura: sobre uma grelha, uma fatia de [&hellip;]\" \/>\n<meta property=\"og:url\" content=\"https:\/\/matizlisboa.com\/pt-pt\/o-restaurante\/\" \/>\n<meta property=\"og:site_name\" content=\"Sofitel Lisbon Liberdade Restaurant\" \/>\n<meta property=\"article:modified_time\" content=\"2022-09-28T15:54:59+00:00\" \/>\n<meta property=\"og:image\" content=\"https:\/\/www.matizlisboa.com\/wp-content\/uploads\/sites\/396\/2022\/04\/01-restaurant-Matiz.jpg\" \/>\n\t<meta property=\"og:image:width\" content=\"2200\" \/>\n\t<meta property=\"og:image:height\" content=\"1328\" \/>\n\t<meta property=\"og:image:type\" content=\"image\/jpeg\" \/>\n<meta name=\"twitter:card\" content=\"summary_large_image\" \/>\n<meta name=\"twitter:label1\" content=\"Tempo estimado de leitura\" \/>\n\t<meta name=\"twitter:data1\" content=\"1 minuto\" \/>\n<script type=\"application\/ld+json\" class=\"yoast-schema-graph\">{\"@context\":\"https:\/\/schema.org\",\"@graph\":[{\"@type\":\"WebPage\",\"@id\":\"https:\/\/matizlisboa.com\/pt-pt\/o-restaurante\/\",\"url\":\"https:\/\/matizlisboa.com\/pt-pt\/o-restaurante\/\",\"name\":\"O restaurante - Sofitel Lisbon Liberdade Restaurant\",\"isPartOf\":{\"@id\":\"https:\/\/matizlisboa.com\/pt-pt\/#website\"},\"datePublished\":\"2022-09-26T14:12:42+00:00\",\"dateModified\":\"2022-09-28T15:54:59+00:00\",\"breadcrumb\":{\"@id\":\"https:\/\/matizlisboa.com\/pt-pt\/o-restaurante\/#breadcrumb\"},\"inLanguage\":\"pt-PT\",\"potentialAction\":[{\"@type\":\"ReadAction\",\"target\":[\"https:\/\/matizlisboa.com\/pt-pt\/o-restaurante\/\"]}]},{\"@type\":\"BreadcrumbList\",\"@id\":\"https:\/\/matizlisboa.com\/pt-pt\/o-restaurante\/#breadcrumb\",\"itemListElement\":[{\"@type\":\"ListItem\",\"position\":1,\"name\":\"Accueil\",\"item\":\"https:\/\/matizlisboa.com\/pt-pt\/\"},{\"@type\":\"ListItem\",\"position\":2,\"name\":\"O restaurante\"}]},{\"@type\":\"WebSite\",\"@id\":\"https:\/\/matizlisboa.com\/pt-pt\/#website\",\"url\":\"https:\/\/matizlisboa.com\/pt-pt\/\",\"name\":\"Sofitel Lisbon Liberdade Restaurant\",\"description\":\"Un site utilisant ms.decms.eu\",\"potentialAction\":[{\"@type\":\"SearchAction\",\"target\":{\"@type\":\"EntryPoint\",\"urlTemplate\":\"https:\/\/matizlisboa.com\/pt-pt\/?s={search_term_string}\"},\"query-input\":{\"@type\":\"PropertyValueSpecification\",\"valueRequired\":true,\"valueName\":\"search_term_string\"}}],\"inLanguage\":\"pt-PT\"}]}<\/script>\n<!-- \/ Yoast SEO plugin. -->","yoast_head_json":{"title":"O restaurante - Sofitel Lisbon Liberdade Restaurant","robots":{"index":"index","follow":"follow","max-snippet":"max-snippet:-1","max-image-preview":"max-image-preview:large","max-video-preview":"max-video-preview:-1"},"canonical":"https:\/\/matizlisboa.com\/pt-pt\/o-restaurante\/","og_locale":"pt_PT","og_type":"article","og_title":"O restaurante - Sofitel Lisbon Liberdade Restaurant","og_description":"Portugal tem uma rica hist\u00f3ria culin\u00e1ria\/gastron\u00f3mica, desde o tradicional bacalhau \u00e0s sofisticadas sopas de marisco e ao ic\u00f3nico porco preto. No Matiz homenageamos a gastronomia tradicional de Portugal, recriando pratos cl\u00e1ssicos com ingredientes de excel\u00eancia e com um toque contempor\u00e2neo. Um dos exemplos, \u00e9 o nosso prato de assinatura: sobre uma grelha, uma fatia de [&hellip;]","og_url":"https:\/\/matizlisboa.com\/pt-pt\/o-restaurante\/","og_site_name":"Sofitel Lisbon Liberdade Restaurant","article_modified_time":"2022-09-28T15:54:59+00:00","og_image":[{"width":2200,"height":1328,"url":"https:\/\/www.matizlisboa.com\/wp-content\/uploads\/sites\/396\/2022\/04\/01-restaurant-Matiz.jpg","type":"image\/jpeg"}],"twitter_card":"summary_large_image","twitter_misc":{"Tempo estimado de leitura":"1 minuto"},"schema":{"@context":"https:\/\/schema.org","@graph":[{"@type":"WebPage","@id":"https:\/\/matizlisboa.com\/pt-pt\/o-restaurante\/","url":"https:\/\/matizlisboa.com\/pt-pt\/o-restaurante\/","name":"O restaurante - Sofitel Lisbon Liberdade Restaurant","isPartOf":{"@id":"https:\/\/matizlisboa.com\/pt-pt\/#website"},"datePublished":"2022-09-26T14:12:42+00:00","dateModified":"2022-09-28T15:54:59+00:00","breadcrumb":{"@id":"https:\/\/matizlisboa.com\/pt-pt\/o-restaurante\/#breadcrumb"},"inLanguage":"pt-PT","potentialAction":[{"@type":"ReadAction","target":["https:\/\/matizlisboa.com\/pt-pt\/o-restaurante\/"]}]},{"@type":"BreadcrumbList","@id":"https:\/\/matizlisboa.com\/pt-pt\/o-restaurante\/#breadcrumb","itemListElement":[{"@type":"ListItem","position":1,"name":"Accueil","item":"https:\/\/matizlisboa.com\/pt-pt\/"},{"@type":"ListItem","position":2,"name":"O restaurante"}]},{"@type":"WebSite","@id":"https:\/\/matizlisboa.com\/pt-pt\/#website","url":"https:\/\/matizlisboa.com\/pt-pt\/","name":"Sofitel Lisbon Liberdade Restaurant","description":"Un site utilisant ms.decms.eu","potentialAction":[{"@type":"SearchAction","target":{"@type":"EntryPoint","urlTemplate":"https:\/\/matizlisboa.com\/pt-pt\/?s={search_term_string}"},"query-input":{"@type":"PropertyValueSpecification","valueRequired":true,"valueName":"search_term_string"}}],"inLanguage":"pt-PT"}]}},"acf":[],"_links":{"self":[{"href":"https:\/\/matizlisboa.com\/pt-pt\/wp-json\/wp\/v2\/pages\/283","targetHints":{"allow":["GET"]}}],"collection":[{"href":"https:\/\/matizlisboa.com\/pt-pt\/wp-json\/wp\/v2\/pages"}],"about":[{"href":"https:\/\/matizlisboa.com\/pt-pt\/wp-json\/wp\/v2\/types\/page"}],"author":[{"embeddable":true,"href":"https:\/\/matizlisboa.com\/pt-pt\/wp-json\/wp\/v2\/users\/8"}],"replies":[{"embeddable":true,"href":"https:\/\/matizlisboa.com\/pt-pt\/wp-json\/wp\/v2\/comments?post=283"}],"version-history":[{"count":0,"href":"https:\/\/matizlisboa.com\/pt-pt\/wp-json\/wp\/v2\/pages\/283\/revisions"}],"wp:attachment":[{"href":"https:\/\/matizlisboa.com\/pt-pt\/wp-json\/wp\/v2\/media?parent=283"}],"curies":[{"name":"wp","href":"https:\/\/api.w.org\/{rel}","templated":true}]}}