{"id":179,"date":"2022-04-06T18:42:09","date_gmt":"2022-04-06T16:42:09","guid":{"rendered":"https:\/\/sofitel-lisbon-liberdade-restaurant.ms.decms.eu\/welcome-to-matiz-lisboa\/"},"modified":"2025-07-25T18:03:36","modified_gmt":"2025-07-25T16:03:36","slug":"welcome-to-matiz-lisboa","status":"publish","type":"page","link":"https:\/\/matizlisboa.com\/pt-pt\/","title":{"rendered":"Matiz Lisboa"},"content":{"rendered":"<p>Para celebrar. Para declarar o seu amor. Para fechar um neg\u00f3cio. Ou simplesmente, para saborear uma refei\u00e7\u00e3o deliciosa ou algumas bebidas num entorno lind\u00edssimo. Matiz \u00e9 o ponto de encontro para locais curiosos e viajantes aventureiros, a casa dos que procuram ser tentados, deliciados e surpreendidos.<\/p>\n","protected":false},"excerpt":{"rendered":"<p>Para celebrar. Para declarar o seu amor. Para fechar um neg\u00f3cio. Ou simplesmente, para saborear uma refei\u00e7\u00e3o deliciosa ou algumas bebidas num entorno lind\u00edssimo. Matiz \u00e9 o ponto de encontro para locais curiosos e viajantes aventureiros, a casa dos que procuram ser tentados, deliciados e surpreendidos.<\/p>\n","protected":false},"author":5,"featured_media":0,"parent":0,"menu_order":0,"comment_status":"closed","ping_status":"closed","template":"","meta":{"footnotes":""},"class_list":["post-179","page","type-page","status-publish","hentry"],"yoast_head":"<!-- This site is optimized with the Yoast SEO plugin v26.9 - https:\/\/yoast.com\/product\/yoast-seo-wordpress\/ -->\n<title>Restaurante e Bar Matiz Lisboa - Avenida da Liberdade, Lisboa<\/title>\n<meta name=\"description\" content=\"Descubra a cozinha contempor\u00e2nea portuguesa, os cocktails artesanais e um servi\u00e7o atencioso no Matiz Lisboa, um restaurante e bar de vinhos sofisticado no centro da cidade.\" \/>\n<meta name=\"robots\" content=\"index, follow, max-snippet:-1, max-image-preview:large, max-video-preview:-1\" \/>\n<link rel=\"canonical\" href=\"https:\/\/matizlisboa.com\/pt-pt\/\" \/>\n<meta property=\"og:locale\" content=\"pt_PT\" \/>\n<meta property=\"og:type\" content=\"article\" \/>\n<meta property=\"og:title\" content=\"Restaurante e Bar Matiz Lisboa - Avenida da Liberdade, Lisboa\" \/>\n<meta property=\"og:description\" content=\"Descubra a cozinha contempor\u00e2nea portuguesa, os cocktails artesanais e um servi\u00e7o atencioso no Matiz Lisboa, um restaurante e bar de vinhos sofisticado no centro da cidade.\" \/>\n<meta property=\"og:url\" content=\"https:\/\/matizlisboa.com\/pt-pt\/\" \/>\n<meta property=\"og:site_name\" content=\"Sofitel Lisbon Liberdade Restaurant\" \/>\n<meta property=\"article:modified_time\" content=\"2025-07-25T16:03:36+00:00\" \/>\n<meta property=\"og:image\" content=\"https:\/\/www.matizlisboa.com\/wp-content\/uploads\/sites\/396\/2022\/04\/01-restaurant-Matiz.jpg\" \/>\n\t<meta property=\"og:image:width\" content=\"2200\" \/>\n\t<meta property=\"og:image:height\" content=\"1328\" \/>\n\t<meta property=\"og:image:type\" content=\"image\/jpeg\" \/>\n<meta name=\"twitter:card\" content=\"summary_large_image\" \/>\n<script type=\"application\/ld+json\" class=\"yoast-schema-graph\">{\"@context\":\"https:\/\/schema.org\",\"@graph\":[{\"@type\":\"WebPage\",\"@id\":\"https:\/\/matizlisboa.com\/pt-pt\/\",\"url\":\"https:\/\/matizlisboa.com\/pt-pt\/\",\"name\":\"Restaurante e Bar Matiz Lisboa - Avenida da Liberdade, Lisboa\",\"isPartOf\":{\"@id\":\"https:\/\/matizlisboa.com\/pt-pt\/#website\"},\"datePublished\":\"2022-04-06T16:42:09+00:00\",\"dateModified\":\"2025-07-25T16:03:36+00:00\",\"description\":\"Descubra a cozinha contempor\u00e2nea portuguesa, os cocktails artesanais e um servi\u00e7o atencioso no Matiz Lisboa, um restaurante e bar de vinhos sofisticado no centro da cidade.\",\"breadcrumb\":{\"@id\":\"https:\/\/matizlisboa.com\/pt-pt\/#breadcrumb\"},\"inLanguage\":\"pt-PT\",\"potentialAction\":[{\"@type\":\"ReadAction\",\"target\":[\"https:\/\/matizlisboa.com\/pt-pt\/\"]}]},{\"@type\":\"BreadcrumbList\",\"@id\":\"https:\/\/matizlisboa.com\/pt-pt\/#breadcrumb\",\"itemListElement\":[{\"@type\":\"ListItem\",\"position\":1,\"name\":\"Accueil\",\"item\":\"https:\/\/matizlisboa.com\/pt-pt\/\"},{\"@type\":\"ListItem\",\"position\":2,\"name\":\"Matiz Lisboa\"}]},{\"@type\":\"WebSite\",\"@id\":\"https:\/\/matizlisboa.com\/pt-pt\/#website\",\"url\":\"https:\/\/matizlisboa.com\/pt-pt\/\",\"name\":\"Sofitel Lisbon Liberdade Restaurant\",\"description\":\"Un site utilisant ms.decms.eu\",\"potentialAction\":[{\"@type\":\"SearchAction\",\"target\":{\"@type\":\"EntryPoint\",\"urlTemplate\":\"https:\/\/matizlisboa.com\/pt-pt\/?s={search_term_string}\"},\"query-input\":{\"@type\":\"PropertyValueSpecification\",\"valueRequired\":true,\"valueName\":\"search_term_string\"}}],\"inLanguage\":\"pt-PT\"}]}<\/script>\n<!-- \/ Yoast SEO plugin. -->","yoast_head_json":{"title":"Restaurante e Bar Matiz Lisboa - Avenida da Liberdade, Lisboa","description":"Descubra a cozinha contempor\u00e2nea portuguesa, os cocktails artesanais e um servi\u00e7o atencioso no Matiz Lisboa, um restaurante e bar de vinhos sofisticado no centro da cidade.","robots":{"index":"index","follow":"follow","max-snippet":"max-snippet:-1","max-image-preview":"max-image-preview:large","max-video-preview":"max-video-preview:-1"},"canonical":"https:\/\/matizlisboa.com\/pt-pt\/","og_locale":"pt_PT","og_type":"article","og_title":"Restaurante e Bar Matiz Lisboa - Avenida da Liberdade, Lisboa","og_description":"Descubra a cozinha contempor\u00e2nea portuguesa, os cocktails artesanais e um servi\u00e7o atencioso no Matiz Lisboa, um restaurante e bar de vinhos sofisticado no centro da cidade.","og_url":"https:\/\/matizlisboa.com\/pt-pt\/","og_site_name":"Sofitel Lisbon Liberdade Restaurant","article_modified_time":"2025-07-25T16:03:36+00:00","og_image":[{"width":2200,"height":1328,"url":"https:\/\/www.matizlisboa.com\/wp-content\/uploads\/sites\/396\/2022\/04\/01-restaurant-Matiz.jpg","type":"image\/jpeg"}],"twitter_card":"summary_large_image","schema":{"@context":"https:\/\/schema.org","@graph":[{"@type":"WebPage","@id":"https:\/\/matizlisboa.com\/pt-pt\/","url":"https:\/\/matizlisboa.com\/pt-pt\/","name":"Restaurante e Bar Matiz Lisboa - Avenida da Liberdade, Lisboa","isPartOf":{"@id":"https:\/\/matizlisboa.com\/pt-pt\/#website"},"datePublished":"2022-04-06T16:42:09+00:00","dateModified":"2025-07-25T16:03:36+00:00","description":"Descubra a cozinha contempor\u00e2nea portuguesa, os cocktails artesanais e um servi\u00e7o atencioso no Matiz Lisboa, um restaurante e bar de vinhos sofisticado no centro da cidade.","breadcrumb":{"@id":"https:\/\/matizlisboa.com\/pt-pt\/#breadcrumb"},"inLanguage":"pt-PT","potentialAction":[{"@type":"ReadAction","target":["https:\/\/matizlisboa.com\/pt-pt\/"]}]},{"@type":"BreadcrumbList","@id":"https:\/\/matizlisboa.com\/pt-pt\/#breadcrumb","itemListElement":[{"@type":"ListItem","position":1,"name":"Accueil","item":"https:\/\/matizlisboa.com\/pt-pt\/"},{"@type":"ListItem","position":2,"name":"Matiz Lisboa"}]},{"@type":"WebSite","@id":"https:\/\/matizlisboa.com\/pt-pt\/#website","url":"https:\/\/matizlisboa.com\/pt-pt\/","name":"Sofitel Lisbon Liberdade Restaurant","description":"Un site utilisant ms.decms.eu","potentialAction":[{"@type":"SearchAction","target":{"@type":"EntryPoint","urlTemplate":"https:\/\/matizlisboa.com\/pt-pt\/?s={search_term_string}"},"query-input":{"@type":"PropertyValueSpecification","valueRequired":true,"valueName":"search_term_string"}}],"inLanguage":"pt-PT"}]}},"acf":[],"_links":{"self":[{"href":"https:\/\/matizlisboa.com\/pt-pt\/wp-json\/wp\/v2\/pages\/179","targetHints":{"allow":["GET"]}}],"collection":[{"href":"https:\/\/matizlisboa.com\/pt-pt\/wp-json\/wp\/v2\/pages"}],"about":[{"href":"https:\/\/matizlisboa.com\/pt-pt\/wp-json\/wp\/v2\/types\/page"}],"author":[{"embeddable":true,"href":"https:\/\/matizlisboa.com\/pt-pt\/wp-json\/wp\/v2\/users\/5"}],"replies":[{"embeddable":true,"href":"https:\/\/matizlisboa.com\/pt-pt\/wp-json\/wp\/v2\/comments?post=179"}],"version-history":[{"count":0,"href":"https:\/\/matizlisboa.com\/pt-pt\/wp-json\/wp\/v2\/pages\/179\/revisions"}],"wp:attachment":[{"href":"https:\/\/matizlisboa.com\/pt-pt\/wp-json\/wp\/v2\/media?parent=179"}],"curies":[{"name":"wp","href":"https:\/\/api.w.org\/{rel}","templated":true}]}}