{"id":170,"date":"2022-05-17T22:29:18","date_gmt":"2022-05-17T20:29:18","guid":{"rendered":"https:\/\/sofitel-lisbon-liberdade-restaurant.ms.decms.eu\/our-philosophy\/"},"modified":"2022-09-28T17:25:54","modified_gmt":"2022-09-28T15:25:54","slug":"a-nossa-filosofia","status":"publish","type":"page","link":"https:\/\/matizlisboa.com\/pt-pt\/o-restaurante\/a-nossa-filosofia\/","title":{"rendered":"A nossa filosofia"},"content":{"rendered":"<p>Portugal \u00e9 um pa\u00eds pequeno com uma grande riqueza e excel\u00eancia de ingredientes. Antes de mais, \u00e9 banhado pelo Oceano Atl\u00e2ntico, abra\u00e7ando uma linha costeira ao longo de 1 800 km. Nestas \u00e1guas frias, encontramos o amado bacalhau: os portugueses orgulham-se do facto de haver um prato de bacalhau para cada dia do ano, pelo menos! \u00c9 tamb\u00e9m deste oceano que vem a lagosta, o robalo, o polvo e outros frutos do mar que encontramos no nosso menu. Para um sabor aut\u00eantico da regi\u00e3o do Algarve, no sul de Portugal, experimente o nosso estufado de peixe e marisco, cozinhado em fogo lento para atingir a perfei\u00e7\u00e3o e servido numa cataplana de cobre em forma de bivalve.<\/p>\n<p>Com vales e rios f\u00e9rteis e picos acidentados, a topografia e o clima de Portugal permitem que o gado se alimente livremente em terrenos abertos. Das regi\u00f5es montanhosas mais frias, vem o borrego criado com ervas selvagens. O porco preto alimenta-se com bolotas ca\u00eddas na regi\u00e3o do Alentejo, dando-lhe um sabor excecional a frutos secos. O Chef Daniel Schlaipfer gosta de juntar castanhas ao porto preto, vindas das montanhas de Padrela, bem como as afamadas batatas-doces de Aljezur, acrescentando uma camada adicional de sabor a frutos secos a este prato. Os enchidos servidos no Matiz, como o chouri\u00e7o e a alheira, s\u00e3o tradicionalmente feitos por artes\u00e3os locais. Uma parte integrante de quase todos os pratos \u00e9 a flor de sal, extra\u00edda de minas de sal antigas e plan\u00edcies que tra\u00e7am a linha costeira e o interior.<\/p>\n","protected":false},"excerpt":{"rendered":"<p>Portugal \u00e9 um pa\u00eds pequeno com uma grande riqueza e excel\u00eancia de ingredientes. Antes de mais, \u00e9 banhado pelo Oceano Atl\u00e2ntico, abra\u00e7ando uma linha costeira ao longo de 1 800 km. Nestas \u00e1guas frias, encontramos o amado bacalhau: os portugueses orgulham-se do facto de haver um prato de bacalhau para cada dia do ano, pelo [&hellip;]<\/p>\n","protected":false},"author":5,"featured_media":0,"parent":283,"menu_order":0,"comment_status":"closed","ping_status":"closed","template":"template-default-2.php","meta":{"footnotes":""},"class_list":["post-170","page","type-page","status-publish","hentry"],"yoast_head":"<!-- This site is optimized with the Yoast SEO plugin v26.9 - https:\/\/yoast.com\/product\/yoast-seo-wordpress\/ -->\n<title>A nossa filosofia - Matiz Lisboa - Cozinha portuguesa contempor\u00e2nea<\/title>\n<meta name=\"description\" content=\"Venha ao Matiz para um almo\u00e7o ou jantar inesquec\u00edveis em Lisboa, onde cada prato exibe a nossa filosofia de fus\u00e3o da tradi\u00e7\u00e3o com a modernidade.\" \/>\n<meta name=\"robots\" content=\"index, follow, max-snippet:-1, max-image-preview:large, max-video-preview:-1\" \/>\n<link rel=\"canonical\" href=\"https:\/\/matizlisboa.com\/pt-pt\/o-restaurante\/a-nossa-filosofia\/\" \/>\n<meta property=\"og:locale\" content=\"pt_PT\" \/>\n<meta property=\"og:type\" content=\"article\" \/>\n<meta property=\"og:title\" content=\"A nossa filosofia - Matiz Lisboa - Cozinha portuguesa contempor\u00e2nea\" \/>\n<meta property=\"og:description\" content=\"Venha ao Matiz para um almo\u00e7o ou jantar inesquec\u00edveis em Lisboa, onde cada prato exibe a nossa filosofia de fus\u00e3o da tradi\u00e7\u00e3o com a modernidade.\" \/>\n<meta property=\"og:url\" content=\"https:\/\/matizlisboa.com\/pt-pt\/o-restaurante\/a-nossa-filosofia\/\" \/>\n<meta property=\"og:site_name\" content=\"Sofitel Lisbon Liberdade Restaurant\" \/>\n<meta property=\"article:modified_time\" content=\"2022-09-28T15:25:54+00:00\" \/>\n<meta property=\"og:image\" content=\"https:\/\/www.matizlisboa.com\/wp-content\/uploads\/sites\/396\/2022\/04\/01-restaurant-Matiz.jpg\" \/>\n\t<meta property=\"og:image:width\" content=\"2200\" \/>\n\t<meta property=\"og:image:height\" content=\"1328\" \/>\n\t<meta property=\"og:image:type\" content=\"image\/jpeg\" \/>\n<meta name=\"twitter:card\" content=\"summary_large_image\" \/>\n<meta name=\"twitter:label1\" content=\"Tempo estimado de leitura\" \/>\n\t<meta name=\"twitter:data1\" content=\"2 minutos\" \/>\n<script type=\"application\/ld+json\" class=\"yoast-schema-graph\">{\"@context\":\"https:\/\/schema.org\",\"@graph\":[{\"@type\":\"WebPage\",\"@id\":\"https:\/\/matizlisboa.com\/pt-pt\/o-restaurante\/a-nossa-filosofia\/\",\"url\":\"https:\/\/matizlisboa.com\/pt-pt\/o-restaurante\/a-nossa-filosofia\/\",\"name\":\"A nossa filosofia - Matiz Lisboa - Cozinha portuguesa contempor\u00e2nea\",\"isPartOf\":{\"@id\":\"https:\/\/matizlisboa.com\/pt-pt\/#website\"},\"datePublished\":\"2022-05-17T20:29:18+00:00\",\"dateModified\":\"2022-09-28T15:25:54+00:00\",\"description\":\"Venha ao Matiz para um almo\u00e7o ou jantar inesquec\u00edveis em Lisboa, onde cada prato exibe a nossa filosofia de fus\u00e3o da tradi\u00e7\u00e3o com a modernidade.\",\"breadcrumb\":{\"@id\":\"https:\/\/matizlisboa.com\/pt-pt\/o-restaurante\/a-nossa-filosofia\/#breadcrumb\"},\"inLanguage\":\"pt-PT\",\"potentialAction\":[{\"@type\":\"ReadAction\",\"target\":[\"https:\/\/matizlisboa.com\/pt-pt\/o-restaurante\/a-nossa-filosofia\/\"]}]},{\"@type\":\"BreadcrumbList\",\"@id\":\"https:\/\/matizlisboa.com\/pt-pt\/o-restaurante\/a-nossa-filosofia\/#breadcrumb\",\"itemListElement\":[{\"@type\":\"ListItem\",\"position\":1,\"name\":\"Accueil\",\"item\":\"https:\/\/matizlisboa.com\/pt-pt\/\"},{\"@type\":\"ListItem\",\"position\":2,\"name\":\"O restaurante\",\"item\":\"https:\/\/matizlisboa.com\/pt-pt\/o-restaurante\/\"},{\"@type\":\"ListItem\",\"position\":3,\"name\":\"A nossa filosofia\"}]},{\"@type\":\"WebSite\",\"@id\":\"https:\/\/matizlisboa.com\/pt-pt\/#website\",\"url\":\"https:\/\/matizlisboa.com\/pt-pt\/\",\"name\":\"Sofitel Lisbon Liberdade Restaurant\",\"description\":\"Un site utilisant ms.decms.eu\",\"potentialAction\":[{\"@type\":\"SearchAction\",\"target\":{\"@type\":\"EntryPoint\",\"urlTemplate\":\"https:\/\/matizlisboa.com\/pt-pt\/?s={search_term_string}\"},\"query-input\":{\"@type\":\"PropertyValueSpecification\",\"valueRequired\":true,\"valueName\":\"search_term_string\"}}],\"inLanguage\":\"pt-PT\"}]}<\/script>\n<!-- \/ Yoast SEO plugin. -->","yoast_head_json":{"title":"A nossa filosofia - Matiz Lisboa - Cozinha portuguesa contempor\u00e2nea","description":"Venha ao Matiz para um almo\u00e7o ou jantar inesquec\u00edveis em Lisboa, onde cada prato exibe a nossa filosofia de fus\u00e3o da tradi\u00e7\u00e3o com a modernidade.","robots":{"index":"index","follow":"follow","max-snippet":"max-snippet:-1","max-image-preview":"max-image-preview:large","max-video-preview":"max-video-preview:-1"},"canonical":"https:\/\/matizlisboa.com\/pt-pt\/o-restaurante\/a-nossa-filosofia\/","og_locale":"pt_PT","og_type":"article","og_title":"A nossa filosofia - Matiz Lisboa - Cozinha portuguesa contempor\u00e2nea","og_description":"Venha ao Matiz para um almo\u00e7o ou jantar inesquec\u00edveis em Lisboa, onde cada prato exibe a nossa filosofia de fus\u00e3o da tradi\u00e7\u00e3o com a modernidade.","og_url":"https:\/\/matizlisboa.com\/pt-pt\/o-restaurante\/a-nossa-filosofia\/","og_site_name":"Sofitel Lisbon Liberdade Restaurant","article_modified_time":"2022-09-28T15:25:54+00:00","og_image":[{"width":2200,"height":1328,"url":"https:\/\/www.matizlisboa.com\/wp-content\/uploads\/sites\/396\/2022\/04\/01-restaurant-Matiz.jpg","type":"image\/jpeg"}],"twitter_card":"summary_large_image","twitter_misc":{"Tempo estimado de leitura":"2 minutos"},"schema":{"@context":"https:\/\/schema.org","@graph":[{"@type":"WebPage","@id":"https:\/\/matizlisboa.com\/pt-pt\/o-restaurante\/a-nossa-filosofia\/","url":"https:\/\/matizlisboa.com\/pt-pt\/o-restaurante\/a-nossa-filosofia\/","name":"A nossa filosofia - Matiz Lisboa - Cozinha portuguesa contempor\u00e2nea","isPartOf":{"@id":"https:\/\/matizlisboa.com\/pt-pt\/#website"},"datePublished":"2022-05-17T20:29:18+00:00","dateModified":"2022-09-28T15:25:54+00:00","description":"Venha ao Matiz para um almo\u00e7o ou jantar inesquec\u00edveis em Lisboa, onde cada prato exibe a nossa filosofia de fus\u00e3o da tradi\u00e7\u00e3o com a modernidade.","breadcrumb":{"@id":"https:\/\/matizlisboa.com\/pt-pt\/o-restaurante\/a-nossa-filosofia\/#breadcrumb"},"inLanguage":"pt-PT","potentialAction":[{"@type":"ReadAction","target":["https:\/\/matizlisboa.com\/pt-pt\/o-restaurante\/a-nossa-filosofia\/"]}]},{"@type":"BreadcrumbList","@id":"https:\/\/matizlisboa.com\/pt-pt\/o-restaurante\/a-nossa-filosofia\/#breadcrumb","itemListElement":[{"@type":"ListItem","position":1,"name":"Accueil","item":"https:\/\/matizlisboa.com\/pt-pt\/"},{"@type":"ListItem","position":2,"name":"O restaurante","item":"https:\/\/matizlisboa.com\/pt-pt\/o-restaurante\/"},{"@type":"ListItem","position":3,"name":"A nossa filosofia"}]},{"@type":"WebSite","@id":"https:\/\/matizlisboa.com\/pt-pt\/#website","url":"https:\/\/matizlisboa.com\/pt-pt\/","name":"Sofitel Lisbon Liberdade Restaurant","description":"Un site utilisant ms.decms.eu","potentialAction":[{"@type":"SearchAction","target":{"@type":"EntryPoint","urlTemplate":"https:\/\/matizlisboa.com\/pt-pt\/?s={search_term_string}"},"query-input":{"@type":"PropertyValueSpecification","valueRequired":true,"valueName":"search_term_string"}}],"inLanguage":"pt-PT"}]}},"acf":[],"_links":{"self":[{"href":"https:\/\/matizlisboa.com\/pt-pt\/wp-json\/wp\/v2\/pages\/170","targetHints":{"allow":["GET"]}}],"collection":[{"href":"https:\/\/matizlisboa.com\/pt-pt\/wp-json\/wp\/v2\/pages"}],"about":[{"href":"https:\/\/matizlisboa.com\/pt-pt\/wp-json\/wp\/v2\/types\/page"}],"author":[{"embeddable":true,"href":"https:\/\/matizlisboa.com\/pt-pt\/wp-json\/wp\/v2\/users\/5"}],"replies":[{"embeddable":true,"href":"https:\/\/matizlisboa.com\/pt-pt\/wp-json\/wp\/v2\/comments?post=170"}],"version-history":[{"count":0,"href":"https:\/\/matizlisboa.com\/pt-pt\/wp-json\/wp\/v2\/pages\/170\/revisions"}],"up":[{"embeddable":true,"href":"https:\/\/matizlisboa.com\/pt-pt\/wp-json\/wp\/v2\/pages\/283"}],"wp:attachment":[{"href":"https:\/\/matizlisboa.com\/pt-pt\/wp-json\/wp\/v2\/media?parent=170"}],"curies":[{"name":"wp","href":"https:\/\/api.w.org\/{rel}","templated":true}]}}