{"id":168,"date":"2022-04-06T20:30:55","date_gmt":"2022-04-06T18:30:55","guid":{"rendered":"https:\/\/sofitel-lisbon-liberdade-restaurant.ms.decms.eu\/meet-our-chef\/"},"modified":"2022-09-22T13:57:09","modified_gmt":"2022-09-22T11:57:09","slug":"conheca-o-nosso-chef","status":"publish","type":"page","link":"https:\/\/matizlisboa.com\/pt-pt\/o-restaurante\/conheca-o-nosso-chef\/","title":{"rendered":"Conhe\u00e7a o Nosso Chef"},"content":{"rendered":"<p>&#8220;<em>A minha vis\u00e3o \u00e9 elevar o melhor da cozinha portuguesa e traz\u00ea-la ao palco global, e incutir essa paix\u00e3o nas gera\u00e7\u00f5es futuras de jovens chefs<\/em>&#8220;. \u2014 Daniel Schlaipfer, chef executivo do Matiz Lisboa<\/p>\n","protected":false},"excerpt":{"rendered":"<p>&#8220;A minha vis\u00e3o \u00e9 elevar o melhor da cozinha portuguesa e traz\u00ea-la ao palco global, e incutir essa paix\u00e3o nas gera\u00e7\u00f5es futuras de jovens chefs&#8220;. \u2014 Daniel Schlaipfer, chef executivo do Matiz Lisboa<\/p>\n","protected":false},"author":5,"featured_media":0,"parent":283,"menu_order":0,"comment_status":"closed","ping_status":"closed","template":"template-staff.php","meta":{"footnotes":""},"class_list":["post-168","page","type-page","status-publish","hentry"],"yoast_head":"<!-- This site is optimized with the Yoast SEO plugin v26.9 - https:\/\/yoast.com\/product\/yoast-seo-wordpress\/ -->\n<title>Conhe\u00e7a o nosso Chef - Matiz Lisboa - Restaurante e Bar exclusivo<\/title>\n<meta name=\"description\" content=\"Na alma do Matiz Lisboa est\u00e1 Daniel Schlaipfer, um chef que honra a cozinha portuguesa cl\u00e1ssica, usando ingredientes locais e t\u00e9cnicas modernas.\" \/>\n<meta name=\"robots\" content=\"index, follow, max-snippet:-1, max-image-preview:large, max-video-preview:-1\" \/>\n<link rel=\"canonical\" href=\"https:\/\/matizlisboa.com\/pt-pt\/o-restaurante\/conheca-o-nosso-chef\/\" \/>\n<meta property=\"og:locale\" content=\"pt_PT\" \/>\n<meta property=\"og:type\" content=\"article\" \/>\n<meta property=\"og:title\" content=\"Conhe\u00e7a o nosso Chef - Matiz Lisboa - Restaurante e Bar exclusivo\" \/>\n<meta property=\"og:description\" content=\"Na alma do Matiz Lisboa est\u00e1 Daniel Schlaipfer, um chef que honra a cozinha portuguesa cl\u00e1ssica, usando ingredientes locais e t\u00e9cnicas modernas.\" \/>\n<meta property=\"og:url\" content=\"https:\/\/matizlisboa.com\/pt-pt\/o-restaurante\/conheca-o-nosso-chef\/\" \/>\n<meta property=\"og:site_name\" content=\"Sofitel Lisbon Liberdade Restaurant\" \/>\n<meta property=\"article:modified_time\" content=\"2022-09-22T11:57:09+00:00\" \/>\n<meta property=\"og:image\" content=\"https:\/\/www.matizlisboa.com\/wp-content\/uploads\/sites\/396\/2022\/04\/01-restaurant-Matiz.jpg\" \/>\n\t<meta property=\"og:image:width\" content=\"2200\" \/>\n\t<meta property=\"og:image:height\" content=\"1328\" \/>\n\t<meta property=\"og:image:type\" content=\"image\/jpeg\" \/>\n<meta name=\"twitter:card\" content=\"summary_large_image\" \/>\n<meta name=\"twitter:label1\" content=\"Tempo estimado de leitura\" \/>\n\t<meta name=\"twitter:data1\" content=\"1 minuto\" \/>\n<script type=\"application\/ld+json\" class=\"yoast-schema-graph\">{\"@context\":\"https:\/\/schema.org\",\"@graph\":[{\"@type\":\"WebPage\",\"@id\":\"https:\/\/matizlisboa.com\/pt-pt\/o-restaurante\/conheca-o-nosso-chef\/\",\"url\":\"https:\/\/matizlisboa.com\/pt-pt\/o-restaurante\/conheca-o-nosso-chef\/\",\"name\":\"Conhe\u00e7a o nosso Chef - Matiz Lisboa - Restaurante e Bar exclusivo\",\"isPartOf\":{\"@id\":\"https:\/\/matizlisboa.com\/pt-pt\/#website\"},\"datePublished\":\"2022-04-06T18:30:55+00:00\",\"dateModified\":\"2022-09-22T11:57:09+00:00\",\"description\":\"Na alma do Matiz Lisboa est\u00e1 Daniel Schlaipfer, um chef que honra a cozinha portuguesa cl\u00e1ssica, usando ingredientes locais e t\u00e9cnicas modernas.\",\"breadcrumb\":{\"@id\":\"https:\/\/matizlisboa.com\/pt-pt\/o-restaurante\/conheca-o-nosso-chef\/#breadcrumb\"},\"inLanguage\":\"pt-PT\",\"potentialAction\":[{\"@type\":\"ReadAction\",\"target\":[\"https:\/\/matizlisboa.com\/pt-pt\/o-restaurante\/conheca-o-nosso-chef\/\"]}]},{\"@type\":\"BreadcrumbList\",\"@id\":\"https:\/\/matizlisboa.com\/pt-pt\/o-restaurante\/conheca-o-nosso-chef\/#breadcrumb\",\"itemListElement\":[{\"@type\":\"ListItem\",\"position\":1,\"name\":\"Accueil\",\"item\":\"https:\/\/matizlisboa.com\/pt-pt\/\"},{\"@type\":\"ListItem\",\"position\":2,\"name\":\"O restaurante\",\"item\":\"https:\/\/matizlisboa.com\/pt-pt\/o-restaurante\/\"},{\"@type\":\"ListItem\",\"position\":3,\"name\":\"Conhe\u00e7a o Nosso Chef\"}]},{\"@type\":\"WebSite\",\"@id\":\"https:\/\/matizlisboa.com\/pt-pt\/#website\",\"url\":\"https:\/\/matizlisboa.com\/pt-pt\/\",\"name\":\"Sofitel Lisbon Liberdade Restaurant\",\"description\":\"Un site utilisant ms.decms.eu\",\"potentialAction\":[{\"@type\":\"SearchAction\",\"target\":{\"@type\":\"EntryPoint\",\"urlTemplate\":\"https:\/\/matizlisboa.com\/pt-pt\/?s={search_term_string}\"},\"query-input\":{\"@type\":\"PropertyValueSpecification\",\"valueRequired\":true,\"valueName\":\"search_term_string\"}}],\"inLanguage\":\"pt-PT\"}]}<\/script>\n<!-- \/ Yoast SEO plugin. -->","yoast_head_json":{"title":"Conhe\u00e7a o nosso Chef - Matiz Lisboa - Restaurante e Bar exclusivo","description":"Na alma do Matiz Lisboa est\u00e1 Daniel Schlaipfer, um chef que honra a cozinha portuguesa cl\u00e1ssica, usando ingredientes locais e t\u00e9cnicas modernas.","robots":{"index":"index","follow":"follow","max-snippet":"max-snippet:-1","max-image-preview":"max-image-preview:large","max-video-preview":"max-video-preview:-1"},"canonical":"https:\/\/matizlisboa.com\/pt-pt\/o-restaurante\/conheca-o-nosso-chef\/","og_locale":"pt_PT","og_type":"article","og_title":"Conhe\u00e7a o nosso Chef - Matiz Lisboa - Restaurante e Bar exclusivo","og_description":"Na alma do Matiz Lisboa est\u00e1 Daniel Schlaipfer, um chef que honra a cozinha portuguesa cl\u00e1ssica, usando ingredientes locais e t\u00e9cnicas modernas.","og_url":"https:\/\/matizlisboa.com\/pt-pt\/o-restaurante\/conheca-o-nosso-chef\/","og_site_name":"Sofitel Lisbon Liberdade Restaurant","article_modified_time":"2022-09-22T11:57:09+00:00","og_image":[{"width":2200,"height":1328,"url":"https:\/\/www.matizlisboa.com\/wp-content\/uploads\/sites\/396\/2022\/04\/01-restaurant-Matiz.jpg","type":"image\/jpeg"}],"twitter_card":"summary_large_image","twitter_misc":{"Tempo estimado de leitura":"1 minuto"},"schema":{"@context":"https:\/\/schema.org","@graph":[{"@type":"WebPage","@id":"https:\/\/matizlisboa.com\/pt-pt\/o-restaurante\/conheca-o-nosso-chef\/","url":"https:\/\/matizlisboa.com\/pt-pt\/o-restaurante\/conheca-o-nosso-chef\/","name":"Conhe\u00e7a o nosso Chef - Matiz Lisboa - Restaurante e Bar exclusivo","isPartOf":{"@id":"https:\/\/matizlisboa.com\/pt-pt\/#website"},"datePublished":"2022-04-06T18:30:55+00:00","dateModified":"2022-09-22T11:57:09+00:00","description":"Na alma do Matiz Lisboa est\u00e1 Daniel Schlaipfer, um chef que honra a cozinha portuguesa cl\u00e1ssica, usando ingredientes locais e t\u00e9cnicas modernas.","breadcrumb":{"@id":"https:\/\/matizlisboa.com\/pt-pt\/o-restaurante\/conheca-o-nosso-chef\/#breadcrumb"},"inLanguage":"pt-PT","potentialAction":[{"@type":"ReadAction","target":["https:\/\/matizlisboa.com\/pt-pt\/o-restaurante\/conheca-o-nosso-chef\/"]}]},{"@type":"BreadcrumbList","@id":"https:\/\/matizlisboa.com\/pt-pt\/o-restaurante\/conheca-o-nosso-chef\/#breadcrumb","itemListElement":[{"@type":"ListItem","position":1,"name":"Accueil","item":"https:\/\/matizlisboa.com\/pt-pt\/"},{"@type":"ListItem","position":2,"name":"O restaurante","item":"https:\/\/matizlisboa.com\/pt-pt\/o-restaurante\/"},{"@type":"ListItem","position":3,"name":"Conhe\u00e7a o Nosso Chef"}]},{"@type":"WebSite","@id":"https:\/\/matizlisboa.com\/pt-pt\/#website","url":"https:\/\/matizlisboa.com\/pt-pt\/","name":"Sofitel Lisbon Liberdade Restaurant","description":"Un site utilisant ms.decms.eu","potentialAction":[{"@type":"SearchAction","target":{"@type":"EntryPoint","urlTemplate":"https:\/\/matizlisboa.com\/pt-pt\/?s={search_term_string}"},"query-input":{"@type":"PropertyValueSpecification","valueRequired":true,"valueName":"search_term_string"}}],"inLanguage":"pt-PT"}]}},"acf":[],"_links":{"self":[{"href":"https:\/\/matizlisboa.com\/pt-pt\/wp-json\/wp\/v2\/pages\/168","targetHints":{"allow":["GET"]}}],"collection":[{"href":"https:\/\/matizlisboa.com\/pt-pt\/wp-json\/wp\/v2\/pages"}],"about":[{"href":"https:\/\/matizlisboa.com\/pt-pt\/wp-json\/wp\/v2\/types\/page"}],"author":[{"embeddable":true,"href":"https:\/\/matizlisboa.com\/pt-pt\/wp-json\/wp\/v2\/users\/5"}],"replies":[{"embeddable":true,"href":"https:\/\/matizlisboa.com\/pt-pt\/wp-json\/wp\/v2\/comments?post=168"}],"version-history":[{"count":0,"href":"https:\/\/matizlisboa.com\/pt-pt\/wp-json\/wp\/v2\/pages\/168\/revisions"}],"up":[{"embeddable":true,"href":"https:\/\/matizlisboa.com\/pt-pt\/wp-json\/wp\/v2\/pages\/283"}],"wp:attachment":[{"href":"https:\/\/matizlisboa.com\/pt-pt\/wp-json\/wp\/v2\/media?parent=168"}],"curies":[{"name":"wp","href":"https:\/\/api.w.org\/{rel}","templated":true}]}}