{"id":166,"date":"2022-05-17T17:42:05","date_gmt":"2022-05-17T15:42:05","guid":{"rendered":"https:\/\/sofitel-lisbon-liberdade-restaurant.ms.decms.eu\/matiz-lisboa-bar\/our-adega\/"},"modified":"2023-03-17T14:39:05","modified_gmt":"2023-03-17T13:39:05","slug":"a-nossa-adega","status":"publish","type":"page","link":"https:\/\/matizlisboa.com\/pt-pt\/matiz-lisboa-bar\/a-nossa-adega\/","title":{"rendered":"A nossa adega"},"content":{"rendered":"<p>O mundo inteiro conhece e adora o vinho do Porto e o vinho verde, mas h\u00e1 tantas outras variedades em Portugal que vale a pena descobrir. Por este motivo, o Matiz criou um espa\u00e7o extraordin\u00e1rio junto ao seu restaurante, onde promove os vintages menos familiares do pa\u00eds, e apresenta os mais de 150 r\u00f3tulos selecionados pelo nosso sommelier.<\/p>\n<p>Na adega, a nossa garrafeira, as evid\u00eancias da cultura vibrante da viticultura em Portugal est\u00e3o por todo o lado. Sente-se \u00e0 mesa e pe\u00e7a um Porto T\u00f3nico, a vers\u00e3o local do cl\u00e1ssico Gin T\u00f3nico. Na verdade, o Porto branco \u00e9 bem capaz de ser o segredo mais bem guardado dos en\u00f3filos. Explore a extensa carta de vinhos para descobrir um moscatel do Douro ou de Set\u00fabal, um tinto das vinhas em torno da capital, ou um efervescente espumante da min\u00fascula T\u00e1vora-Varosa. As regi\u00f5es aut\u00f3nomas dos A\u00e7ores e da Madeira tamb\u00e9m produzem excelentes vinhos tintos, brancos e generosos, com uvas cultivadas em basalto vulc\u00e2nico.<\/p>\n<p>O vinho verde \u00e9 um tipo de vinho jovem e tamb\u00e9m o nome de uma regi\u00e3o no canto noroeste de Portugal, que est\u00e3o dispon\u00edveis na vers\u00e3o tinta e ros\u00e9. Porque n\u00e3o provar um destes vinhos ligeiramente frisantes e com baixo teor alco\u00f3lico, diretamente na nossa adega? Eleve a sua experi\u00eancia provando tamb\u00e9m uns queijos locais, petiscos inovadores ou um couvert de p\u00e3o, azeite regional e flor de sal.<\/p>\n<p>Esta sala elegante \u00e9 distinta das outras zonas do restaurante. \u00c0 medida que prova e saboreia descobertas de todo o pa\u00eds e do mundo (quem sabe at\u00e9 durante um jantar de neg\u00f3cios na Baixa Pombalina), pode ir admirando os talentos dos artistas locais. Fa\u00e7a um brinde a uma das seis cabe\u00e7as cer\u00e2micas de Baco, que aprovaria certamente este contexto epicurista. Sa\u00fade!<\/p>\n","protected":false},"excerpt":{"rendered":"<p>O mundo inteiro conhece e adora o vinho do Porto e o vinho verde, mas h\u00e1 tantas outras variedades em Portugal que vale a pena descobrir. Por este motivo, o Matiz criou um espa\u00e7o extraordin\u00e1rio junto ao seu restaurante, onde promove os vintages menos familiares do pa\u00eds, e apresenta os mais de 150 r\u00f3tulos selecionados [&hellip;]<\/p>\n","protected":false},"author":5,"featured_media":0,"parent":164,"menu_order":0,"comment_status":"closed","ping_status":"closed","template":"template-default-3.php","meta":{"footnotes":""},"class_list":["post-166","page","type-page","status-publish","hentry"],"yoast_head":"<!-- This site is optimized with the Yoast SEO plugin v26.9 - https:\/\/yoast.com\/product\/yoast-seo-wordpress\/ -->\n<title>A nossa adega - Restaurante e Bar Matiz Lisboa - Adega de vinhos<\/title>\n<meta name=\"description\" content=\"Descubra a nossa sele\u00e7\u00e3o de vinhos, predominantemente portuguesa, na elegante garrafeira do Matiz Lisboa na Avenida da Liberdade.\" \/>\n<meta name=\"robots\" content=\"index, follow, max-snippet:-1, max-image-preview:large, max-video-preview:-1\" \/>\n<link rel=\"canonical\" href=\"https:\/\/matizlisboa.com\/pt-pt\/matiz-lisboa-bar\/a-nossa-adega\/\" \/>\n<meta property=\"og:locale\" content=\"pt_PT\" \/>\n<meta property=\"og:type\" content=\"article\" \/>\n<meta property=\"og:title\" content=\"A nossa adega - Restaurante e Bar Matiz Lisboa - Adega de vinhos\" \/>\n<meta property=\"og:description\" content=\"Descubra a nossa sele\u00e7\u00e3o de vinhos, predominantemente portuguesa, na elegante garrafeira do Matiz Lisboa na Avenida da Liberdade.\" \/>\n<meta property=\"og:url\" content=\"https:\/\/matizlisboa.com\/pt-pt\/matiz-lisboa-bar\/a-nossa-adega\/\" \/>\n<meta property=\"og:site_name\" content=\"Sofitel Lisbon Liberdade Restaurant\" \/>\n<meta property=\"article:modified_time\" content=\"2023-03-17T13:39:05+00:00\" \/>\n<meta property=\"og:image\" content=\"https:\/\/www.matizlisboa.com\/wp-content\/uploads\/sites\/396\/2022\/04\/01-restaurant-Matiz.jpg\" \/>\n\t<meta property=\"og:image:width\" content=\"2200\" \/>\n\t<meta property=\"og:image:height\" content=\"1328\" \/>\n\t<meta property=\"og:image:type\" content=\"image\/jpeg\" \/>\n<meta name=\"twitter:card\" content=\"summary_large_image\" \/>\n<meta name=\"twitter:label1\" content=\"Tempo estimado de leitura\" \/>\n\t<meta name=\"twitter:data1\" content=\"2 minutos\" \/>\n<script type=\"application\/ld+json\" class=\"yoast-schema-graph\">{\"@context\":\"https:\/\/schema.org\",\"@graph\":[{\"@type\":\"WebPage\",\"@id\":\"https:\/\/matizlisboa.com\/pt-pt\/matiz-lisboa-bar\/a-nossa-adega\/\",\"url\":\"https:\/\/matizlisboa.com\/pt-pt\/matiz-lisboa-bar\/a-nossa-adega\/\",\"name\":\"A nossa adega - Restaurante e Bar Matiz Lisboa - Adega de vinhos\",\"isPartOf\":{\"@id\":\"https:\/\/matizlisboa.com\/pt-pt\/#website\"},\"datePublished\":\"2022-05-17T15:42:05+00:00\",\"dateModified\":\"2023-03-17T13:39:05+00:00\",\"description\":\"Descubra a nossa sele\u00e7\u00e3o de vinhos, predominantemente portuguesa, na elegante garrafeira do Matiz Lisboa na Avenida da Liberdade.\",\"breadcrumb\":{\"@id\":\"https:\/\/matizlisboa.com\/pt-pt\/matiz-lisboa-bar\/a-nossa-adega\/#breadcrumb\"},\"inLanguage\":\"pt-PT\",\"potentialAction\":[{\"@type\":\"ReadAction\",\"target\":[\"https:\/\/matizlisboa.com\/pt-pt\/matiz-lisboa-bar\/a-nossa-adega\/\"]}]},{\"@type\":\"BreadcrumbList\",\"@id\":\"https:\/\/matizlisboa.com\/pt-pt\/matiz-lisboa-bar\/a-nossa-adega\/#breadcrumb\",\"itemListElement\":[{\"@type\":\"ListItem\",\"position\":1,\"name\":\"Accueil\",\"item\":\"https:\/\/matizlisboa.com\/pt-pt\/\"},{\"@type\":\"ListItem\",\"position\":2,\"name\":\"Matiz Lisboa Bar\",\"item\":\"https:\/\/matizlisboa.com\/pt-pt\/matiz-lisboa-bar\/\"},{\"@type\":\"ListItem\",\"position\":3,\"name\":\"A nossa adega\"}]},{\"@type\":\"WebSite\",\"@id\":\"https:\/\/matizlisboa.com\/pt-pt\/#website\",\"url\":\"https:\/\/matizlisboa.com\/pt-pt\/\",\"name\":\"Sofitel Lisbon Liberdade Restaurant\",\"description\":\"Un site utilisant ms.decms.eu\",\"potentialAction\":[{\"@type\":\"SearchAction\",\"target\":{\"@type\":\"EntryPoint\",\"urlTemplate\":\"https:\/\/matizlisboa.com\/pt-pt\/?s={search_term_string}\"},\"query-input\":{\"@type\":\"PropertyValueSpecification\",\"valueRequired\":true,\"valueName\":\"search_term_string\"}}],\"inLanguage\":\"pt-PT\"}]}<\/script>\n<!-- \/ Yoast SEO plugin. -->","yoast_head_json":{"title":"A nossa adega - Restaurante e Bar Matiz Lisboa - Adega de vinhos","description":"Descubra a nossa sele\u00e7\u00e3o de vinhos, predominantemente portuguesa, na elegante garrafeira do Matiz Lisboa na Avenida da Liberdade.","robots":{"index":"index","follow":"follow","max-snippet":"max-snippet:-1","max-image-preview":"max-image-preview:large","max-video-preview":"max-video-preview:-1"},"canonical":"https:\/\/matizlisboa.com\/pt-pt\/matiz-lisboa-bar\/a-nossa-adega\/","og_locale":"pt_PT","og_type":"article","og_title":"A nossa adega - Restaurante e Bar Matiz Lisboa - Adega de vinhos","og_description":"Descubra a nossa sele\u00e7\u00e3o de vinhos, predominantemente portuguesa, na elegante garrafeira do Matiz Lisboa na Avenida da Liberdade.","og_url":"https:\/\/matizlisboa.com\/pt-pt\/matiz-lisboa-bar\/a-nossa-adega\/","og_site_name":"Sofitel Lisbon Liberdade Restaurant","article_modified_time":"2023-03-17T13:39:05+00:00","og_image":[{"width":2200,"height":1328,"url":"https:\/\/www.matizlisboa.com\/wp-content\/uploads\/sites\/396\/2022\/04\/01-restaurant-Matiz.jpg","type":"image\/jpeg"}],"twitter_card":"summary_large_image","twitter_misc":{"Tempo estimado de leitura":"2 minutos"},"schema":{"@context":"https:\/\/schema.org","@graph":[{"@type":"WebPage","@id":"https:\/\/matizlisboa.com\/pt-pt\/matiz-lisboa-bar\/a-nossa-adega\/","url":"https:\/\/matizlisboa.com\/pt-pt\/matiz-lisboa-bar\/a-nossa-adega\/","name":"A nossa adega - Restaurante e Bar Matiz Lisboa - Adega de vinhos","isPartOf":{"@id":"https:\/\/matizlisboa.com\/pt-pt\/#website"},"datePublished":"2022-05-17T15:42:05+00:00","dateModified":"2023-03-17T13:39:05+00:00","description":"Descubra a nossa sele\u00e7\u00e3o de vinhos, predominantemente portuguesa, na elegante garrafeira do Matiz Lisboa na Avenida da Liberdade.","breadcrumb":{"@id":"https:\/\/matizlisboa.com\/pt-pt\/matiz-lisboa-bar\/a-nossa-adega\/#breadcrumb"},"inLanguage":"pt-PT","potentialAction":[{"@type":"ReadAction","target":["https:\/\/matizlisboa.com\/pt-pt\/matiz-lisboa-bar\/a-nossa-adega\/"]}]},{"@type":"BreadcrumbList","@id":"https:\/\/matizlisboa.com\/pt-pt\/matiz-lisboa-bar\/a-nossa-adega\/#breadcrumb","itemListElement":[{"@type":"ListItem","position":1,"name":"Accueil","item":"https:\/\/matizlisboa.com\/pt-pt\/"},{"@type":"ListItem","position":2,"name":"Matiz Lisboa Bar","item":"https:\/\/matizlisboa.com\/pt-pt\/matiz-lisboa-bar\/"},{"@type":"ListItem","position":3,"name":"A nossa adega"}]},{"@type":"WebSite","@id":"https:\/\/matizlisboa.com\/pt-pt\/#website","url":"https:\/\/matizlisboa.com\/pt-pt\/","name":"Sofitel Lisbon Liberdade Restaurant","description":"Un site utilisant ms.decms.eu","potentialAction":[{"@type":"SearchAction","target":{"@type":"EntryPoint","urlTemplate":"https:\/\/matizlisboa.com\/pt-pt\/?s={search_term_string}"},"query-input":{"@type":"PropertyValueSpecification","valueRequired":true,"valueName":"search_term_string"}}],"inLanguage":"pt-PT"}]}},"acf":[],"_links":{"self":[{"href":"https:\/\/matizlisboa.com\/pt-pt\/wp-json\/wp\/v2\/pages\/166","targetHints":{"allow":["GET"]}}],"collection":[{"href":"https:\/\/matizlisboa.com\/pt-pt\/wp-json\/wp\/v2\/pages"}],"about":[{"href":"https:\/\/matizlisboa.com\/pt-pt\/wp-json\/wp\/v2\/types\/page"}],"author":[{"embeddable":true,"href":"https:\/\/matizlisboa.com\/pt-pt\/wp-json\/wp\/v2\/users\/5"}],"replies":[{"embeddable":true,"href":"https:\/\/matizlisboa.com\/pt-pt\/wp-json\/wp\/v2\/comments?post=166"}],"version-history":[{"count":0,"href":"https:\/\/matizlisboa.com\/pt-pt\/wp-json\/wp\/v2\/pages\/166\/revisions"}],"up":[{"embeddable":true,"href":"https:\/\/matizlisboa.com\/pt-pt\/wp-json\/wp\/v2\/pages\/164"}],"wp:attachment":[{"href":"https:\/\/matizlisboa.com\/pt-pt\/wp-json\/wp\/v2\/media?parent=166"}],"curies":[{"name":"wp","href":"https:\/\/api.w.org\/{rel}","templated":true}]}}